{"id":31,"date":"2017-07-17T09:21:09","date_gmt":"2017-07-17T09:21:09","guid":{"rendered":"http:\/\/aristotelianstudies.mruni.eu\/?page_id=31"},"modified":"2026-04-15T14:54:11","modified_gmt":"2026-04-15T14:54:11","slug":"researchers","status":"publish","type":"page","link":"https:\/\/aristotelianstudies.mruni.eu\/?page_id=31","title":{"rendered":"Lithuanian Research Fellows"},"content":{"rendered":"<p style=\"text-align: justify;\"><strong><img loading=\"lazy\" decoding=\"async\" class=\" wp-image-91 alignleft\" src=\"https:\/\/aristotelianstudies.mruni.eu\/wp-content\/uploads\/2018\/03\/AndriusBielskis_photo.jpg\" alt=\"\" width=\"256\" height=\"266\" \/><\/strong><span class=\"biobrief full-width\"><strong>Dr Andrius Bielskis<\/strong> is the Director of the Centre. He is one of the leading political philosophers and public intellectuals in Lithuania and an internationally recognized scholar in his field. He is Professor of Political Philosophy at Mykolas Romeris University. He is the author of several books (<em>Towards a Post-Modern Understanding of the Political<\/em> (Palgrave Macmillan, 2005), <em>The Unholy Sacrament. Ideology, Faith, and the Politics of Emancipation<\/em> (in Lithuanian; Demos, 2014), <em>On the Meaning of Philosophy and Art<\/em> (in Lithuanian, MRU, 2015), <em>Existence, Meaning, Excellence: Aristotelian Reflection on the Meaning of Life<\/em> (Routledge, 2017)) and the (co-)editor of <em>Human Flourishing in the Age of Digital Capitalism: AI, Automation and Alienation<\/em> (Bloomsbury, 2025<em>), Virtue Ethics and Contemporary Aristotelianism<\/em> (with E. Leontsini &amp; K.Knight, Bloomsbury, 2020), <em>Virtue and Economy<\/em> (with K. Knight, Ashgate, 2015; <em>Virtue and Economy<\/em> was awarded the title of the best book of political science in Lithuania in 2015), of <em>Democracy without Labour Movement?<\/em> (in Lithuanian; Kitos knygos, 2009), <em>Debating with the Lithuanian New<\/em> Left: <em>Terry Eagleton, Joel Bakan, Alex Demirovic, Urlich Brand<\/em> (with A. Pa\u017e\u0117r\u0117, Vilnius: Demos, 2013), and of many scholarly papers in English, Lithuanian and Greek.\u00a0<\/span><span class=\"biobrief full-width\">He was the principal investigator of the successfully completed research projects <em data-start=\"86\" data-end=\"111\">\u2018Structures of Meaning\u2019<\/em> (2012\u20132015) and &#8216;<em data-start=\"128\" data-end=\"199\">Human Flourishing and Non-Alienated Labour in the Era of Automation&#8217;<\/em>\u00a0(2021\u20132024), both funded by the Research Council of Lithuania. He was also an International Onassis Fellow affiliated with the National and Kapodistrian University of Athens (November 2017-January 2018), conducting research on Aristotle\u2019s teleology and natural inequalities, especially focusing on Aristotle\u2019s notorious conception of natural slavery.\u00a0 In the academic year 2024\u20132025, Andrius was a Visiting Research Scholar at the Graduate Center, City University of New York, funded by BAFF.<\/span><\/p>\n<p style=\"text-align: justify;\"><strong><img loading=\"lazy\" decoding=\"async\" class=\" wp-image-102 alignleft\" src=\"https:\/\/aristotelianstudies.mruni.eu\/wp-content\/uploads\/2018\/03\/Povilas-Aleksandravi\u010dius-1-300x200.jpg\" alt=\"\" width=\"254\" height=\"169\" srcset=\"https:\/\/aristotelianstudies.mruni.eu\/wp-content\/uploads\/2018\/03\/Povilas-Aleksandravi\u010dius-1-300x200.jpg 300w, https:\/\/aristotelianstudies.mruni.eu\/wp-content\/uploads\/2018\/03\/Povilas-Aleksandravi\u010dius-1-768x512.jpg 768w, https:\/\/aristotelianstudies.mruni.eu\/wp-content\/uploads\/2018\/03\/Povilas-Aleksandravi\u010dius-1-1024x682.jpg 1024w, https:\/\/aristotelianstudies.mruni.eu\/wp-content\/uploads\/2018\/03\/Povilas-Aleksandravi\u010dius-1-624x416.jpg 624w\" sizes=\"auto, (max-width: 254px) 100vw, 254px\" \/>Dr Povilas Aleksandravi\u010dius <\/strong>is an associate professor of Humanities Institute of Mykolas Romeris University and the Head of the Laboratory of Values Research. In 2008, he defended a doctoral thesis <em>Time and Eternity according to Saint Thomas Aquinas and Martin Heidegger<\/em> at the Institut Catholique de Paris and Universit\u00e9 de Poitiers in France. He is the author of several books, the most important is <em>Directions and Future of European Thinking <\/em>(in Lithuanian, MRU, 2015). His research interests are philosophical anthropology, social philosophy, European identity, relation between philosophy and theology, the philosophical tradition of mysticism, the dynamics of the contemporary thinking and the influence of technologies on it, and the various aspects of globalization.<\/p>\n<p style=\"text-align: justify;\"><strong><img loading=\"lazy\" decoding=\"async\" class=\"wp-image-104 alignleft\" src=\"https:\/\/aristotelianstudies.mruni.eu\/wp-content\/uploads\/2018\/03\/Egidijus-300x274.jpg\" alt=\"\" width=\"246\" height=\"225\" srcset=\"https:\/\/aristotelianstudies.mruni.eu\/wp-content\/uploads\/2018\/03\/Egidijus-300x274.jpg 300w, https:\/\/aristotelianstudies.mruni.eu\/wp-content\/uploads\/2018\/03\/Egidijus-768x702.jpg 768w, https:\/\/aristotelianstudies.mruni.eu\/wp-content\/uploads\/2018\/03\/Egidijus-1024x937.jpg 1024w, https:\/\/aristotelianstudies.mruni.eu\/wp-content\/uploads\/2018\/03\/Egidijus-624x571.jpg 624w, https:\/\/aristotelianstudies.mruni.eu\/wp-content\/uploads\/2018\/03\/Egidijus.jpg 1265w\" sizes=\"auto, (max-width: 246px) 100vw, 246px\" \/> Dr Egidijus Mardosas <\/strong> is one of Lithuania\u2019s leading experts on contemporary Aristotelianism and, more particularly, the thought of Alasdair MacIntyre. His thesis, defended in June 2017, argues for the emancipatory potential of the MacIntyrean politics of the common good. He is the author of several scholarly papers on Aristotelianism and Alasdair MacIntyre&#8217;s political philosophy, including &#8220;Marxism and Aristotelian Ethics\u201c in <em>Filosofija. Sociologija <\/em>(2016 Nr. 3 (27)). Dr Mardosas took part in Mykolas Romeris University&#8217;s research project \u2018Structures of Meaning\u2019 funded by the Research Council of Lithuanian and led by Prof. Andrius Bielskis.<\/p>\n<p style=\"text-align: justify;\"><b class=\"\"><img loading=\"lazy\" decoding=\"async\" class=\"wp-image-108 alignleft\" src=\"https:\/\/aristotelianstudies.mruni.eu\/wp-content\/uploads\/2018\/03\/HenrikasZukauskas-300x285.png\" alt=\"\" width=\"251\" height=\"238\" srcset=\"https:\/\/aristotelianstudies.mruni.eu\/wp-content\/uploads\/2018\/03\/HenrikasZukauskas-300x285.png 300w, https:\/\/aristotelianstudies.mruni.eu\/wp-content\/uploads\/2018\/03\/HenrikasZukauskas.png 458w\" sizes=\"auto, (max-width: 251px) 100vw, 251px\" \/><\/b><strong>Dr Henrikas \u017dukauskas <\/strong>has a PhD in theology at Vrije Universiteit Amsterdam. His thesis was on the theology of Yves Congar. There he argues that the link between human creative and free activity, on the one hand, and the divine activity, on the other hand, is at the core of the theology of Yves Congar. He also engages with Thomas Aquinas and shows its relevance for contemporary thought. In particular, Henrikas is interested in the critical aspects of contemporary theology, including liberation theology, and its implications for both political and ecological theology as well as for social critique. He is the author of several scholarly publications including &#8220;Yves Congar: Theologian of the Church&#8221; in <em>Communio Viatorum<\/em> 52 (2010): 106-115.<\/p>\n","protected":false},"excerpt":{"rendered":"<p>Dr Andrius Bielskis is the Director of the Centre. He is one of the leading political philosophers and public intellectuals in Lithuania and an internationally recognized scholar in his field. He is Professor of Political Philosophy at Mykolas Romeris University. He is the author of several books (Towards a Post-Modern Understanding of the Political (Palgrave &hellip; <\/p>\n<p class=\"link-more\"><a href=\"https:\/\/aristotelianstudies.mruni.eu\/?page_id=31\" class=\"more-link\">Continue reading<span class=\"screen-reader-text\"> &#8220;Lithuanian Research Fellows&#8221;<\/span><\/a><\/p>\n","protected":false},"author":2,"featured_media":0,"parent":0,"menu_order":1,"comment_status":"closed","ping_status":"closed","template":"","meta":{"footnotes":""},"class_list":["post-31","page","type-page","status-publish","hentry"],"_links":{"self":[{"href":"https:\/\/aristotelianstudies.mruni.eu\/index.php?rest_route=\/wp\/v2\/pages\/31","targetHints":{"allow":["GET"]}}],"collection":[{"href":"https:\/\/aristotelianstudies.mruni.eu\/index.php?rest_route=\/wp\/v2\/pages"}],"about":[{"href":"https:\/\/aristotelianstudies.mruni.eu\/index.php?rest_route=\/wp\/v2\/types\/page"}],"author":[{"embeddable":true,"href":"https:\/\/aristotelianstudies.mruni.eu\/index.php?rest_route=\/wp\/v2\/users\/2"}],"replies":[{"embeddable":true,"href":"https:\/\/aristotelianstudies.mruni.eu\/index.php?rest_route=%2Fwp%2Fv2%2Fcomments&post=31"}],"version-history":[{"count":45,"href":"https:\/\/aristotelianstudies.mruni.eu\/index.php?rest_route=\/wp\/v2\/pages\/31\/revisions"}],"predecessor-version":[{"id":379,"href":"https:\/\/aristotelianstudies.mruni.eu\/index.php?rest_route=\/wp\/v2\/pages\/31\/revisions\/379"}],"wp:attachment":[{"href":"https:\/\/aristotelianstudies.mruni.eu\/index.php?rest_route=%2Fwp%2Fv2%2Fmedia&parent=31"}],"curies":[{"name":"wp","href":"https:\/\/api.w.org\/{rel}","templated":true}]}}